{"id":156,"date":"2021-09-14T21:31:53","date_gmt":"2021-09-14T19:31:53","guid":{"rendered":"http:\/\/localhost\/BeYourLight\/?page_id=156"},"modified":"2021-11-28T14:42:16","modified_gmt":"2021-11-28T13:42:16","slug":"livraison","status":"publish","type":"page","link":"https:\/\/beyourlight.fr\/index.php\/livraison\/","title":{"rendered":"Livraison"},"content":{"rendered":"<h2 class=\"wp-block-heading\">Quand vais-je recevoir ma commande ?<\/h2><h3 class=\"wp-block-heading\">Livraison \u00e0 domicile et en France m\u00e9tropolitaine.<\/h3><p>La&nbsp;<strong>date de livraison de votre commande d\u00e9pend de 2 \u00e9l\u00e9ments<\/strong>&nbsp;: le d\u00e9lai d&rsquo;exp\u00e9dition et le d\u00e9lai de livraison.<\/p><p>Le\u00a0<strong>d\u00e9lai d\u2019exp\u00e9dition<\/strong>\u00a0court \u00e0 partir de la validation de votre commande. Il correspond au d\u00e9lai n\u00e9cessaire pour obtenir et pr\u00e9parer les articles de votre commande. Nous nous engageons \u00e0 vous l&rsquo;exp\u00e9dier sous 8 jours ouvr\u00e9s.<\/p><p>Le\u00a0<strong>d\u00e9lai de livraison<\/strong>\u00a0court \u00e0 partir de l\u2019exp\u00e9dition de votre colis depuis nos entrep\u00f4ts. Il correspond au d\u00e9lai n\u00e9cessaire \u00e0 notre prestataire pour vous faire parvenir votre colis \u00e0 l\u2019adresse de livraison indiqu\u00e9e lors du passage de votre commande.<\/p>","protected":false},"excerpt":{"rendered":"<p>Quand vais-je recevoir ma commande ? Livraison \u00e0 domicile et en France m\u00e9tropolitaine. La&nbsp;date de livraison de votre commande d\u00e9pend de 2 \u00e9l\u00e9ments&nbsp;: le d\u00e9lai d&rsquo;exp\u00e9dition et le d\u00e9lai de livraison. Le\u00a0d\u00e9lai d\u2019exp\u00e9dition\u00a0court \u00e0 partir de la validation de votre commande. Il correspond au d\u00e9lai n\u00e9cessaire pour obtenir et pr\u00e9parer les articles de votre commande. Nous nous engageons \u00e0 vous l&rsquo;exp\u00e9dier sous 8 jours ouvr\u00e9s. Le\u00a0d\u00e9lai de livraison\u00a0court \u00e0 partir de l\u2019exp\u00e9dition de votre colis depuis nos entrep\u00f4ts. Il correspond au d\u00e9lai n\u00e9cessaire \u00e0 notre prestataire pour vous faire parvenir votre colis \u00e0 l\u2019adresse de livraison indiqu\u00e9e lors du passage de votre commande.<\/p>\n","protected":false},"author":1,"featured_media":0,"parent":0,"menu_order":0,"comment_status":"closed","ping_status":"closed","template":"","meta":{"_uag_custom_page_level_css":"","footnotes":""},"yoast_head":"<!-- This site is optimized with the Yoast SEO plugin v23.9 - https:\/\/yoast.com\/wordpress\/plugins\/seo\/ -->\n<title>Livraison &#8902; Be your Light<\/title>\n<meta name=\"robots\" content=\"index, follow, max-snippet:-1, max-image-preview:large, max-video-preview:-1\" \/>\n<link rel=\"canonical\" href=\"https:\/\/beyourlight.fr\/index.php\/livraison\/\" \/>\n<meta property=\"og:locale\" content=\"fr_FR\" \/>\n<meta property=\"og:type\" content=\"article\" \/>\n<meta property=\"og:title\" content=\"Livraison &#8902; Be your Light\" \/>\n<meta property=\"og:description\" content=\"Quand vais-je recevoir ma commande ? Livraison \u00e0 domicile et en France m\u00e9tropolitaine. La&nbsp;date de livraison de votre commande d\u00e9pend de 2 \u00e9l\u00e9ments&nbsp;: le d\u00e9lai d&rsquo;exp\u00e9dition et le d\u00e9lai de livraison. Le\u00a0d\u00e9lai d\u2019exp\u00e9dition\u00a0court \u00e0 partir de la validation de votre commande. Il correspond au d\u00e9lai n\u00e9cessaire pour obtenir et pr\u00e9parer les articles de votre commande. Nous nous engageons \u00e0 vous l&rsquo;exp\u00e9dier sous 8 jours ouvr\u00e9s. Le\u00a0d\u00e9lai de livraison\u00a0court \u00e0 partir de l\u2019exp\u00e9dition de votre colis depuis nos entrep\u00f4ts. Il correspond au d\u00e9lai n\u00e9cessaire \u00e0 notre prestataire pour vous faire parvenir votre colis \u00e0 l\u2019adresse de livraison indiqu\u00e9e lors du passage de votre commande.\" \/>\n<meta property=\"og:url\" content=\"https:\/\/beyourlight.fr\/index.php\/livraison\/\" \/>\n<meta property=\"og:site_name\" content=\"Be your Light\" \/>\n<meta property=\"article:publisher\" content=\"https:\/\/www.facebook.com\/beyourlight.shop\" \/>\n<meta property=\"article:modified_time\" content=\"2021-11-28T13:42:16+00:00\" \/>\n<meta name=\"twitter:card\" content=\"summary_large_image\" \/>\n<meta name=\"twitter:label1\" content=\"Dur\u00e9e de lecture estim\u00e9e\" \/>\n\t<meta name=\"twitter:data1\" content=\"1 minute\" \/>\n<script type=\"application\/ld+json\" class=\"yoast-schema-graph\">{\"@context\":\"https:\/\/schema.org\",\"@graph\":[{\"@type\":\"WebPage\",\"@id\":\"https:\/\/beyourlight.fr\/index.php\/livraison\/\",\"url\":\"https:\/\/beyourlight.fr\/index.php\/livraison\/\",\"name\":\"Livraison &#8902; Be your Light\",\"isPartOf\":{\"@id\":\"https:\/\/beyourlight.fr\/#website\"},\"datePublished\":\"2021-09-14T19:31:53+00:00\",\"dateModified\":\"2021-11-28T13:42:16+00:00\",\"breadcrumb\":{\"@id\":\"https:\/\/beyourlight.fr\/index.php\/livraison\/#breadcrumb\"},\"inLanguage\":\"fr-FR\",\"potentialAction\":[{\"@type\":\"ReadAction\",\"target\":[\"https:\/\/beyourlight.fr\/index.php\/livraison\/\"]}]},{\"@type\":\"BreadcrumbList\",\"@id\":\"https:\/\/beyourlight.fr\/index.php\/livraison\/#breadcrumb\",\"itemListElement\":[{\"@type\":\"ListItem\",\"position\":1,\"name\":\"Accueil\",\"item\":\"https:\/\/beyourlight.fr\/\"},{\"@type\":\"ListItem\",\"position\":2,\"name\":\"Livraison\"}]},{\"@type\":\"WebSite\",\"@id\":\"https:\/\/beyourlight.fr\/#website\",\"url\":\"https:\/\/beyourlight.fr\/\",\"name\":\"Be your Light\",\"description\":\"\",\"publisher\":{\"@id\":\"https:\/\/beyourlight.fr\/#organization\"},\"potentialAction\":[{\"@type\":\"SearchAction\",\"target\":{\"@type\":\"EntryPoint\",\"urlTemplate\":\"https:\/\/beyourlight.fr\/?s={search_term_string}\"},\"query-input\":{\"@type\":\"PropertyValueSpecification\",\"valueRequired\":true,\"valueName\":\"search_term_string\"}}],\"inLanguage\":\"fr-FR\"},{\"@type\":\"Organization\",\"@id\":\"https:\/\/beyourlight.fr\/#organization\",\"name\":\"Be your light\",\"url\":\"https:\/\/beyourlight.fr\/\",\"logo\":{\"@type\":\"ImageObject\",\"inLanguage\":\"fr-FR\",\"@id\":\"https:\/\/beyourlight.fr\/#\/schema\/logo\/image\/\",\"url\":\"https:\/\/beyourlight.fr\/wp-content\/uploads\/2021\/11\/Capture.jpg\",\"contentUrl\":\"https:\/\/beyourlight.fr\/wp-content\/uploads\/2021\/11\/Capture.jpg\",\"width\":449,\"height\":447,\"caption\":\"Be your light\"},\"image\":{\"@id\":\"https:\/\/beyourlight.fr\/#\/schema\/logo\/image\/\"},\"sameAs\":[\"https:\/\/www.facebook.com\/beyourlight.shop\",\"https:\/\/www.instagram.com\/beyourlight_shop\/\"]}]}<\/script>\n<!-- \/ Yoast SEO plugin. -->","yoast_head_json":{"title":"Livraison &#8902; Be your Light","robots":{"index":"index","follow":"follow","max-snippet":"max-snippet:-1","max-image-preview":"max-image-preview:large","max-video-preview":"max-video-preview:-1"},"canonical":"https:\/\/beyourlight.fr\/index.php\/livraison\/","og_locale":"fr_FR","og_type":"article","og_title":"Livraison &#8902; Be your Light","og_description":"Quand vais-je recevoir ma commande ? Livraison \u00e0 domicile et en France m\u00e9tropolitaine. La&nbsp;date de livraison de votre commande d\u00e9pend de 2 \u00e9l\u00e9ments&nbsp;: le d\u00e9lai d&rsquo;exp\u00e9dition et le d\u00e9lai de livraison. Le\u00a0d\u00e9lai d\u2019exp\u00e9dition\u00a0court \u00e0 partir de la validation de votre commande. Il correspond au d\u00e9lai n\u00e9cessaire pour obtenir et pr\u00e9parer les articles de votre commande. Nous nous engageons \u00e0 vous l&rsquo;exp\u00e9dier sous 8 jours ouvr\u00e9s. Le\u00a0d\u00e9lai de livraison\u00a0court \u00e0 partir de l\u2019exp\u00e9dition de votre colis depuis nos entrep\u00f4ts. Il correspond au d\u00e9lai n\u00e9cessaire \u00e0 notre prestataire pour vous faire parvenir votre colis \u00e0 l\u2019adresse de livraison indiqu\u00e9e lors du passage de votre commande.","og_url":"https:\/\/beyourlight.fr\/index.php\/livraison\/","og_site_name":"Be your Light","article_publisher":"https:\/\/www.facebook.com\/beyourlight.shop","article_modified_time":"2021-11-28T13:42:16+00:00","twitter_card":"summary_large_image","twitter_misc":{"Dur\u00e9e de lecture estim\u00e9e":"1 minute"},"schema":{"@context":"https:\/\/schema.org","@graph":[{"@type":"WebPage","@id":"https:\/\/beyourlight.fr\/index.php\/livraison\/","url":"https:\/\/beyourlight.fr\/index.php\/livraison\/","name":"Livraison &#8902; Be your Light","isPartOf":{"@id":"https:\/\/beyourlight.fr\/#website"},"datePublished":"2021-09-14T19:31:53+00:00","dateModified":"2021-11-28T13:42:16+00:00","breadcrumb":{"@id":"https:\/\/beyourlight.fr\/index.php\/livraison\/#breadcrumb"},"inLanguage":"fr-FR","potentialAction":[{"@type":"ReadAction","target":["https:\/\/beyourlight.fr\/index.php\/livraison\/"]}]},{"@type":"BreadcrumbList","@id":"https:\/\/beyourlight.fr\/index.php\/livraison\/#breadcrumb","itemListElement":[{"@type":"ListItem","position":1,"name":"Accueil","item":"https:\/\/beyourlight.fr\/"},{"@type":"ListItem","position":2,"name":"Livraison"}]},{"@type":"WebSite","@id":"https:\/\/beyourlight.fr\/#website","url":"https:\/\/beyourlight.fr\/","name":"Be your Light","description":"","publisher":{"@id":"https:\/\/beyourlight.fr\/#organization"},"potentialAction":[{"@type":"SearchAction","target":{"@type":"EntryPoint","urlTemplate":"https:\/\/beyourlight.fr\/?s={search_term_string}"},"query-input":{"@type":"PropertyValueSpecification","valueRequired":true,"valueName":"search_term_string"}}],"inLanguage":"fr-FR"},{"@type":"Organization","@id":"https:\/\/beyourlight.fr\/#organization","name":"Be your light","url":"https:\/\/beyourlight.fr\/","logo":{"@type":"ImageObject","inLanguage":"fr-FR","@id":"https:\/\/beyourlight.fr\/#\/schema\/logo\/image\/","url":"https:\/\/beyourlight.fr\/wp-content\/uploads\/2021\/11\/Capture.jpg","contentUrl":"https:\/\/beyourlight.fr\/wp-content\/uploads\/2021\/11\/Capture.jpg","width":449,"height":447,"caption":"Be your light"},"image":{"@id":"https:\/\/beyourlight.fr\/#\/schema\/logo\/image\/"},"sameAs":["https:\/\/www.facebook.com\/beyourlight.shop","https:\/\/www.instagram.com\/beyourlight_shop\/"]}]}},"uagb_featured_image_src":{"full":false,"thumbnail":false,"medium":false,"medium_large":false,"large":false,"1536x1536":false,"2048x2048":false,"ashe-slider-full-thumbnail":false,"ashe-full-thumbnail":false,"ashe-list-thumbnail":false,"ashe-grid-thumbnail":false,"ashe-single-navigation":false,"menu-24x24":false,"menu-36x36":false,"menu-48x48":false,"woocommerce_thumbnail":false,"woocommerce_single":false,"woocommerce_gallery_thumbnail":false},"uagb_author_info":{"display_name":"admin4841","author_link":"https:\/\/beyourlight.fr\/index.php\/author\/admin4841\/"},"uagb_comment_info":0,"uagb_excerpt":"Quand vais-je recevoir ma commande ? Livraison \u00e0 domicile et en France m\u00e9tropolitaine. La&nbsp;date de livraison de votre commande d\u00e9pend de 2 \u00e9l\u00e9ments&nbsp;: le d\u00e9lai d&rsquo;exp\u00e9dition et le d\u00e9lai de livraison. Le\u00a0d\u00e9lai d\u2019exp\u00e9dition\u00a0court \u00e0 partir de la validation de votre commande. Il correspond au d\u00e9lai n\u00e9cessaire pour obtenir et pr\u00e9parer les articles de votre commande.\u2026","_links":{"self":[{"href":"https:\/\/beyourlight.fr\/index.php\/wp-json\/wp\/v2\/pages\/156"}],"collection":[{"href":"https:\/\/beyourlight.fr\/index.php\/wp-json\/wp\/v2\/pages"}],"about":[{"href":"https:\/\/beyourlight.fr\/index.php\/wp-json\/wp\/v2\/types\/page"}],"author":[{"embeddable":true,"href":"https:\/\/beyourlight.fr\/index.php\/wp-json\/wp\/v2\/users\/1"}],"replies":[{"embeddable":true,"href":"https:\/\/beyourlight.fr\/index.php\/wp-json\/wp\/v2\/comments?post=156"}],"version-history":[{"count":1,"href":"https:\/\/beyourlight.fr\/index.php\/wp-json\/wp\/v2\/pages\/156\/revisions"}],"predecessor-version":[{"id":413,"href":"https:\/\/beyourlight.fr\/index.php\/wp-json\/wp\/v2\/pages\/156\/revisions\/413"}],"wp:attachment":[{"href":"https:\/\/beyourlight.fr\/index.php\/wp-json\/wp\/v2\/media?parent=156"}],"curies":[{"name":"wp","href":"https:\/\/api.w.org\/{rel}","templated":true}]}}