{"id":956,"date":"2023-05-17T19:00:05","date_gmt":"2023-05-17T17:00:05","guid":{"rendered":"https:\/\/beyourlight.fr\/?post_type=product&#038;p=956"},"modified":"2025-04-09T16:07:53","modified_gmt":"2025-04-09T14:07:53","slug":"24-to-25","status":"publish","type":"product","link":"https:\/\/beyourlight.fr\/index.php\/produit\/24-to-25\/","title":{"rendered":"24 to 25"},"content":{"rendered":"<ul>\n<li><span style=\"font-weight: 400;\">90% cire de soja 10% parfum<\/span><\/li>\n<li><span style=\"font-weight: 400;\">Paillettes biod\u00e9gradables<\/span><\/li>\n<li><span style=\"font-weight: 400;\">Fleurs s\u00e9ch\u00e9es<\/span><\/li>\n<li><span style=\"font-weight: 400;\">Pierres <\/span><span style=\"font-weight: 400;\">venant de magasins sp\u00e9cialis\u00e9s<\/span><\/li>\n<li><span style=\"font-weight: 400;\">M\u00e8che en bois<\/span><\/li>\n<\/ul>\n<p><span style=\"font-weight: 400;\">Bougie artisanale faite \u00e0 la main depuis le sud de la France<\/span><\/p>\n<p><span style=\"font-weight: 400;\">Contenance de 200 ml pour environ 50 heures de combustion<\/span><\/p>\n<p><strong>Pr\u00e9cautions et mode d&rsquo;utilisation:<\/strong><\/p>\n<ul>\n<li><span style=\"font-weight: 400;\">Les bougies allum\u00e9es doivent rester hors de port\u00e9e des enfants et des animaux.<\/span><\/li>\n<li><span style=\"font-weight: 400;\">Ne pas laisser une bougie sans surveillance.<\/span><\/li>\n<li><span style=\"font-weight: 400;\">\u00c9loignez vos bougies allum\u00e9es des objets inflammables (des rideaux par exemple).<\/span><\/li>\n<li><span style=\"font-weight: 400;\">Placez vos bougies parfum\u00e9es allum\u00e9es sur une surface stable.<\/span><\/li>\n<li><span style=\"font-weight: 400;\">Conservez vos bougies \u00e0 l&rsquo;abri de la lumi\u00e8re et de l&rsquo;humidit\u00e9.<\/span><\/li>\n<li><span style=\"font-weight: 400;\">Veillez \u00e0 a\u00e9rer la pi\u00e8ce apr\u00e8s chaque utilisation.<\/span><\/li>\n<\/ul>\n<p><em><span style=\"font-weight: 400;\">Fragrance qui r\u00e9pond aux normes europ\u00e9ennes IFRA50, CLP CE N\u00b01272\/2008, REACH 2020\/878 et est \u00e9labor\u00e9e par un parfumeur professionnel de la ville de GRASSE en FRANCE. <\/span><span style=\"font-weight: 400;\">Garantie sans CMR, phtalates et mati\u00e8res animales.<\/span><\/em><\/p>\n<p><em>Chaque bougie r\u00e9alis\u00e9e \u00e0 la main est unique et ne sera pas parfaitement identique \u00e0 la photo.<\/em><\/p>\n","protected":false},"excerpt":{"rendered":"<p><span style=\"font-weight: 400;\">Inspir\u00e9e de l\u2019album \u00e9ponyme du groupe Stray kids, d\u00e9couvrez la bougie 24 to 25 au parfum acidul\u00e9 d&rsquo;orange \u00e9pic\u00e9e.<\/span><\/p>\n<p>&nbsp;<\/p>\n<p><strong>Notes olfactives :\u00a0<\/strong>Hesp\u00e9rid\u00e9, \u00e9pic\u00e9<\/p>\n<p><strong>Notes de t\u00eate :\u00a0<\/strong>Citron, cannelle<\/p>\n<p><strong>Notes de coeur :<\/strong>\u00a0Orange<\/p>\n<p><strong>Notes de fond :<\/strong>\u00a0Cumin, girofle<\/p>\n","protected":false},"featured_media":970,"comment_status":"open","ping_status":"closed","template":"","meta":{"_uag_custom_page_level_css":""},"product_cat":[70,25],"product_tag":[100,88,28,53,78],"yoast_head":"<!-- This site is optimized with the Yoast SEO plugin v23.9 - https:\/\/yoast.com\/wordpress\/plugins\/seo\/ -->\n<title>24 to 25 &#8902; Be your Light<\/title>\n<meta name=\"description\" content=\"Venez d\u00e9couvrir la bougie de no\u00ebl 24 to 25 et ses notes chaudes et acidul\u00e9es d&#039;orange \u00e9pic\u00e9e en r\u00e9f\u00e9rence \u00e0 la chanson \u00e9ponyme du groupe de Kpop stray kids\" \/>\n<meta name=\"robots\" content=\"index, follow, max-snippet:-1, max-image-preview:large, max-video-preview:-1\" \/>\n<link rel=\"canonical\" href=\"https:\/\/beyourlight.fr\/index.php\/produit\/24-to-25\/\" \/>\n<meta property=\"og:locale\" content=\"fr_FR\" \/>\n<meta property=\"og:type\" content=\"article\" \/>\n<meta property=\"og:title\" content=\"24 to 25 &#8902; Be your Light\" \/>\n<meta property=\"og:description\" content=\"Venez d\u00e9couvrir la bougie de no\u00ebl 24 to 25 et ses notes chaudes et acidul\u00e9es d&#039;orange \u00e9pic\u00e9e en r\u00e9f\u00e9rence \u00e0 la chanson \u00e9ponyme du groupe de Kpop stray kids\" \/>\n<meta property=\"og:url\" content=\"https:\/\/beyourlight.fr\/index.php\/produit\/24-to-25\/\" \/>\n<meta property=\"og:site_name\" content=\"Be your Light\" \/>\n<meta property=\"article:publisher\" content=\"https:\/\/www.facebook.com\/beyourlight.shop\" \/>\n<meta property=\"article:modified_time\" content=\"2025-04-09T14:07:53+00:00\" \/>\n<meta property=\"og:image\" content=\"https:\/\/beyourlight.fr\/wp-content\/uploads\/2022\/11\/24to25.png\" \/>\n\t<meta property=\"og:image:width\" content=\"500\" \/>\n\t<meta property=\"og:image:height\" content=\"500\" \/>\n\t<meta property=\"og:image:type\" content=\"image\/png\" \/>\n<meta name=\"twitter:card\" content=\"summary_large_image\" \/>\n<meta name=\"twitter:label1\" content=\"Dur\u00e9e de lecture estim\u00e9e\" \/>\n\t<meta name=\"twitter:data1\" content=\"1 minute\" \/>\n<script type=\"application\/ld+json\" class=\"yoast-schema-graph\">{\"@context\":\"https:\/\/schema.org\",\"@graph\":[{\"@type\":\"WebPage\",\"@id\":\"https:\/\/beyourlight.fr\/index.php\/produit\/24-to-25\/\",\"url\":\"https:\/\/beyourlight.fr\/index.php\/produit\/24-to-25\/\",\"name\":\"24 to 25 &#8902; Be your Light\",\"isPartOf\":{\"@id\":\"https:\/\/beyourlight.fr\/#website\"},\"primaryImageOfPage\":{\"@id\":\"https:\/\/beyourlight.fr\/index.php\/produit\/24-to-25\/#primaryimage\"},\"image\":{\"@id\":\"https:\/\/beyourlight.fr\/index.php\/produit\/24-to-25\/#primaryimage\"},\"thumbnailUrl\":\"https:\/\/beyourlight.fr\/wp-content\/uploads\/2022\/11\/24to25.png\",\"datePublished\":\"2023-05-17T17:00:05+00:00\",\"dateModified\":\"2025-04-09T14:07:53+00:00\",\"description\":\"Venez d\u00e9couvrir la bougie de no\u00ebl 24 to 25 et ses notes chaudes et acidul\u00e9es d'orange \u00e9pic\u00e9e en r\u00e9f\u00e9rence \u00e0 la chanson \u00e9ponyme du groupe de Kpop stray kids\",\"breadcrumb\":{\"@id\":\"https:\/\/beyourlight.fr\/index.php\/produit\/24-to-25\/#breadcrumb\"},\"inLanguage\":\"fr-FR\",\"potentialAction\":[{\"@type\":\"ReadAction\",\"target\":[\"https:\/\/beyourlight.fr\/index.php\/produit\/24-to-25\/\"]}]},{\"@type\":\"ImageObject\",\"inLanguage\":\"fr-FR\",\"@id\":\"https:\/\/beyourlight.fr\/index.php\/produit\/24-to-25\/#primaryimage\",\"url\":\"https:\/\/beyourlight.fr\/wp-content\/uploads\/2022\/11\/24to25.png\",\"contentUrl\":\"https:\/\/beyourlight.fr\/wp-content\/uploads\/2022\/11\/24to25.png\",\"width\":500,\"height\":500},{\"@type\":\"BreadcrumbList\",\"@id\":\"https:\/\/beyourlight.fr\/index.php\/produit\/24-to-25\/#breadcrumb\",\"itemListElement\":[{\"@type\":\"ListItem\",\"position\":1,\"name\":\"Accueil\",\"item\":\"https:\/\/beyourlight.fr\/\"},{\"@type\":\"ListItem\",\"position\":2,\"name\":\"Shop\",\"item\":\"https:\/\/beyourlight.fr\/index.php\/shop\/\"},{\"@type\":\"ListItem\",\"position\":3,\"name\":\"24 to 25\"}]},{\"@type\":\"WebSite\",\"@id\":\"https:\/\/beyourlight.fr\/#website\",\"url\":\"https:\/\/beyourlight.fr\/\",\"name\":\"Be your Light\",\"description\":\"\",\"publisher\":{\"@id\":\"https:\/\/beyourlight.fr\/#organization\"},\"potentialAction\":[{\"@type\":\"SearchAction\",\"target\":{\"@type\":\"EntryPoint\",\"urlTemplate\":\"https:\/\/beyourlight.fr\/?s={search_term_string}\"},\"query-input\":{\"@type\":\"PropertyValueSpecification\",\"valueRequired\":true,\"valueName\":\"search_term_string\"}}],\"inLanguage\":\"fr-FR\"},{\"@type\":\"Organization\",\"@id\":\"https:\/\/beyourlight.fr\/#organization\",\"name\":\"Be your light\",\"url\":\"https:\/\/beyourlight.fr\/\",\"logo\":{\"@type\":\"ImageObject\",\"inLanguage\":\"fr-FR\",\"@id\":\"https:\/\/beyourlight.fr\/#\/schema\/logo\/image\/\",\"url\":\"https:\/\/beyourlight.fr\/wp-content\/uploads\/2021\/11\/Capture.jpg\",\"contentUrl\":\"https:\/\/beyourlight.fr\/wp-content\/uploads\/2021\/11\/Capture.jpg\",\"width\":449,\"height\":447,\"caption\":\"Be your light\"},\"image\":{\"@id\":\"https:\/\/beyourlight.fr\/#\/schema\/logo\/image\/\"},\"sameAs\":[\"https:\/\/www.facebook.com\/beyourlight.shop\",\"https:\/\/www.instagram.com\/beyourlight_shop\/\"]}]}<\/script>\n<!-- \/ Yoast SEO plugin. -->","yoast_head_json":{"title":"24 to 25 &#8902; Be your Light","description":"Venez d\u00e9couvrir la bougie de no\u00ebl 24 to 25 et ses notes chaudes et acidul\u00e9es d'orange \u00e9pic\u00e9e en r\u00e9f\u00e9rence \u00e0 la chanson \u00e9ponyme du groupe de Kpop stray kids","robots":{"index":"index","follow":"follow","max-snippet":"max-snippet:-1","max-image-preview":"max-image-preview:large","max-video-preview":"max-video-preview:-1"},"canonical":"https:\/\/beyourlight.fr\/index.php\/produit\/24-to-25\/","og_locale":"fr_FR","og_type":"article","og_title":"24 to 25 &#8902; Be your Light","og_description":"Venez d\u00e9couvrir la bougie de no\u00ebl 24 to 25 et ses notes chaudes et acidul\u00e9es d'orange \u00e9pic\u00e9e en r\u00e9f\u00e9rence \u00e0 la chanson \u00e9ponyme du groupe de Kpop stray kids","og_url":"https:\/\/beyourlight.fr\/index.php\/produit\/24-to-25\/","og_site_name":"Be your Light","article_publisher":"https:\/\/www.facebook.com\/beyourlight.shop","article_modified_time":"2025-04-09T14:07:53+00:00","og_image":[{"width":500,"height":500,"url":"https:\/\/beyourlight.fr\/wp-content\/uploads\/2022\/11\/24to25.png","type":"image\/png"}],"twitter_card":"summary_large_image","twitter_misc":{"Dur\u00e9e de lecture estim\u00e9e":"1 minute"},"schema":{"@context":"https:\/\/schema.org","@graph":[{"@type":"WebPage","@id":"https:\/\/beyourlight.fr\/index.php\/produit\/24-to-25\/","url":"https:\/\/beyourlight.fr\/index.php\/produit\/24-to-25\/","name":"24 to 25 &#8902; Be your Light","isPartOf":{"@id":"https:\/\/beyourlight.fr\/#website"},"primaryImageOfPage":{"@id":"https:\/\/beyourlight.fr\/index.php\/produit\/24-to-25\/#primaryimage"},"image":{"@id":"https:\/\/beyourlight.fr\/index.php\/produit\/24-to-25\/#primaryimage"},"thumbnailUrl":"https:\/\/beyourlight.fr\/wp-content\/uploads\/2022\/11\/24to25.png","datePublished":"2023-05-17T17:00:05+00:00","dateModified":"2025-04-09T14:07:53+00:00","description":"Venez d\u00e9couvrir la bougie de no\u00ebl 24 to 25 et ses notes chaudes et acidul\u00e9es d'orange \u00e9pic\u00e9e en r\u00e9f\u00e9rence \u00e0 la chanson \u00e9ponyme du groupe de Kpop stray kids","breadcrumb":{"@id":"https:\/\/beyourlight.fr\/index.php\/produit\/24-to-25\/#breadcrumb"},"inLanguage":"fr-FR","potentialAction":[{"@type":"ReadAction","target":["https:\/\/beyourlight.fr\/index.php\/produit\/24-to-25\/"]}]},{"@type":"ImageObject","inLanguage":"fr-FR","@id":"https:\/\/beyourlight.fr\/index.php\/produit\/24-to-25\/#primaryimage","url":"https:\/\/beyourlight.fr\/wp-content\/uploads\/2022\/11\/24to25.png","contentUrl":"https:\/\/beyourlight.fr\/wp-content\/uploads\/2022\/11\/24to25.png","width":500,"height":500},{"@type":"BreadcrumbList","@id":"https:\/\/beyourlight.fr\/index.php\/produit\/24-to-25\/#breadcrumb","itemListElement":[{"@type":"ListItem","position":1,"name":"Accueil","item":"https:\/\/beyourlight.fr\/"},{"@type":"ListItem","position":2,"name":"Shop","item":"https:\/\/beyourlight.fr\/index.php\/shop\/"},{"@type":"ListItem","position":3,"name":"24 to 25"}]},{"@type":"WebSite","@id":"https:\/\/beyourlight.fr\/#website","url":"https:\/\/beyourlight.fr\/","name":"Be your Light","description":"","publisher":{"@id":"https:\/\/beyourlight.fr\/#organization"},"potentialAction":[{"@type":"SearchAction","target":{"@type":"EntryPoint","urlTemplate":"https:\/\/beyourlight.fr\/?s={search_term_string}"},"query-input":{"@type":"PropertyValueSpecification","valueRequired":true,"valueName":"search_term_string"}}],"inLanguage":"fr-FR"},{"@type":"Organization","@id":"https:\/\/beyourlight.fr\/#organization","name":"Be your light","url":"https:\/\/beyourlight.fr\/","logo":{"@type":"ImageObject","inLanguage":"fr-FR","@id":"https:\/\/beyourlight.fr\/#\/schema\/logo\/image\/","url":"https:\/\/beyourlight.fr\/wp-content\/uploads\/2021\/11\/Capture.jpg","contentUrl":"https:\/\/beyourlight.fr\/wp-content\/uploads\/2021\/11\/Capture.jpg","width":449,"height":447,"caption":"Be your light"},"image":{"@id":"https:\/\/beyourlight.fr\/#\/schema\/logo\/image\/"},"sameAs":["https:\/\/www.facebook.com\/beyourlight.shop","https:\/\/www.instagram.com\/beyourlight_shop\/"]}]}},"uagb_featured_image_src":{"full":["https:\/\/beyourlight.fr\/wp-content\/uploads\/2022\/11\/24to25.png",500,500,false],"thumbnail":["https:\/\/beyourlight.fr\/wp-content\/uploads\/2022\/11\/24to25-150x150.png",150,150,true],"medium":["https:\/\/beyourlight.fr\/wp-content\/uploads\/2022\/11\/24to25-300x300.png",300,300,true],"medium_large":["https:\/\/beyourlight.fr\/wp-content\/uploads\/2022\/11\/24to25.png",500,500,false],"large":["https:\/\/beyourlight.fr\/wp-content\/uploads\/2022\/11\/24to25.png",500,500,false],"1536x1536":["https:\/\/beyourlight.fr\/wp-content\/uploads\/2022\/11\/24to25.png",500,500,false],"2048x2048":["https:\/\/beyourlight.fr\/wp-content\/uploads\/2022\/11\/24to25.png",500,500,false],"ashe-slider-full-thumbnail":["https:\/\/beyourlight.fr\/wp-content\/uploads\/2022\/11\/24to25.png",500,500,false],"ashe-full-thumbnail":["https:\/\/beyourlight.fr\/wp-content\/uploads\/2022\/11\/24to25.png",500,500,false],"ashe-list-thumbnail":["https:\/\/beyourlight.fr\/wp-content\/uploads\/2022\/11\/24to25-300x300.png",300,300,true],"ashe-grid-thumbnail":["https:\/\/beyourlight.fr\/wp-content\/uploads\/2022\/11\/24to25-500x330.png",500,330,true],"ashe-single-navigation":["https:\/\/beyourlight.fr\/wp-content\/uploads\/2022\/11\/24to25-75x75.png",75,75,true],"menu-24x24":["https:\/\/beyourlight.fr\/wp-content\/uploads\/2022\/11\/24to25-24x24.png",24,24,true],"menu-36x36":["https:\/\/beyourlight.fr\/wp-content\/uploads\/2022\/11\/24to25-36x36.png",36,36,true],"menu-48x48":["https:\/\/beyourlight.fr\/wp-content\/uploads\/2022\/11\/24to25-48x48.png",48,48,true],"woocommerce_thumbnail":["https:\/\/beyourlight.fr\/wp-content\/uploads\/2022\/11\/24to25-300x300.png",300,300,true],"woocommerce_single":["https:\/\/beyourlight.fr\/wp-content\/uploads\/2022\/11\/24to25-300x300.png",300,300,true],"woocommerce_gallery_thumbnail":["https:\/\/beyourlight.fr\/wp-content\/uploads\/2022\/11\/24to25-100x100.png",100,100,true]},"uagb_author_info":{"display_name":"admin4841","author_link":"https:\/\/beyourlight.fr\/index.php\/author\/"},"uagb_comment_info":0,"uagb_excerpt":"Inspir\u00e9e de l\u2019album \u00e9ponyme du groupe Stray kids, d\u00e9couvrez la bougie 24 to 25 au parfum acidul\u00e9 d'orange \u00e9pic\u00e9e. &nbsp; Notes olfactives :\u00a0Hesp\u00e9rid\u00e9, \u00e9pic\u00e9 Notes de t\u00eate :\u00a0Citron, cannelle Notes de coeur :\u00a0Orange Notes de fond :\u00a0Cumin, girofle","_links":{"self":[{"href":"https:\/\/beyourlight.fr\/index.php\/wp-json\/wp\/v2\/product\/956"}],"collection":[{"href":"https:\/\/beyourlight.fr\/index.php\/wp-json\/wp\/v2\/product"}],"about":[{"href":"https:\/\/beyourlight.fr\/index.php\/wp-json\/wp\/v2\/types\/product"}],"replies":[{"embeddable":true,"href":"https:\/\/beyourlight.fr\/index.php\/wp-json\/wp\/v2\/comments?post=956"}],"wp:featuredmedia":[{"embeddable":true,"href":"https:\/\/beyourlight.fr\/index.php\/wp-json\/wp\/v2\/media\/970"}],"wp:attachment":[{"href":"https:\/\/beyourlight.fr\/index.php\/wp-json\/wp\/v2\/media?parent=956"}],"wp:term":[{"taxonomy":"product_cat","embeddable":true,"href":"https:\/\/beyourlight.fr\/index.php\/wp-json\/wp\/v2\/product_cat?post=956"},{"taxonomy":"product_tag","embeddable":true,"href":"https:\/\/beyourlight.fr\/index.php\/wp-json\/wp\/v2\/product_tag?post=956"}],"curies":[{"name":"wp","href":"https:\/\/api.w.org\/{rel}","templated":true}]}}