{"id":967,"date":"2022-11-23T14:46:22","date_gmt":"2022-11-23T13:46:22","guid":{"rendered":"https:\/\/beyourlight.fr\/?post_type=product&#038;p=967"},"modified":"2026-03-31T18:08:52","modified_gmt":"2026-03-31T16:08:52","slug":"dame-blanche","status":"publish","type":"product","link":"https:\/\/beyourlight.fr\/index.php\/produit\/dame-blanche\/","title":{"rendered":"Dame Blanche"},"content":{"rendered":"<ul>\n<li><span style=\"font-weight: 400;\">90% cire de soja 10% parfum<\/span><\/li>\n<li><span style=\"font-weight: 400;\">Paillettes biod\u00e9gradables<\/span><\/li>\n<li><span style=\"font-weight: 400;\">Fleurs s\u00e9ch\u00e9es<\/span><\/li>\n<li><span style=\"font-weight: 400;\">Pierres <\/span><span style=\"font-weight: 400;\">venant de magasins sp\u00e9cialis\u00e9s<\/span><\/li>\n<li><span style=\"font-weight: 400;\">M\u00e8che en bois<\/span><\/li>\n<\/ul>\n<p><span style=\"font-weight: 400;\">Bougie artisanale faite \u00e0 la main depuis le sud de la France<\/span><\/p>\n<p><span style=\"font-weight: 400;\">Contenance de 200 ml pour environ 50 heures de combustion<\/span><\/p>\n<p><strong>Pr\u00e9cautions et mode d&rsquo;utilisation:<\/strong><\/p>\n<ul>\n<li><span style=\"font-weight: 400;\">&#8211; Les bougies allum\u00e9es doivent rester hors de port\u00e9e des enfants et des animaux.<\/span><\/li>\n<li><span style=\"font-weight: 400;\">&#8211; Ne pas laisser une bougie sans surveillance.<\/span><\/li>\n<li><span style=\"font-weight: 400;\">&#8211; \u00c9loignez vos bougies allum\u00e9es des objets inflammables (des rideaux par exemple).<\/span><\/li>\n<li><span style=\"font-weight: 400;\">&#8211; Placez vos bougies parfum\u00e9es allum\u00e9es sur une surface stable.<\/span><\/li>\n<li><span style=\"font-weight: 400;\">&#8211; Conservez vos bougies \u00e0 l&rsquo;abri de la lumi\u00e8re et de l&rsquo;humidit\u00e9.<\/span><\/li>\n<li><span style=\"font-weight: 400;\">&#8211; Veillez \u00e0 a\u00e9rer la pi\u00e8ce apr\u00e8s chaque utilisation.<\/span><\/li>\n<\/ul>\n<p><em><span style=\"font-weight: 400;\">Fragrance qui r\u00e9pond aux normes europ\u00e9ennes IFRA50, CLP CE N\u00b01272\/2008, REACH 2020\/878 et est \u00e9labor\u00e9e par un parfumeur professionnel de la ville de GRASSE en FRANCE. <\/span><span style=\"font-weight: 400;\">Garantie sans CMR, phtalates et mati\u00e8res animales.<\/span><\/em><\/p>\n<p><em>Chaque bougie r\u00e9alis\u00e9e \u00e0 la main est unique et ne sera pas parfaitement identique \u00e0 la photo. <strong>En fonction des stocks fournisseur les m\u00e8ches peuvent \u00eatre soit en bois soit en coton.<\/strong><\/em><\/p>\n","protected":false},"excerpt":{"rendered":"<p><span style=\"font-weight: 400;\">Inspir\u00e9e de l&rsquo;univers fantastique du roman Serpent &amp; Dove, d\u00e9couvrez la bougie Dame Blanche au parfum herbac\u00e9 de sauge, basilic et menthe.<\/span><\/p>\n<p>&nbsp;<\/p>\n<p><strong>Notes olfactives :<\/strong> Aromatique<\/p>\n<p><strong>Notes de t\u00eate :<\/strong> Bergamote G\u00e9ranium<\/p>\n<p><strong>Notes de coeur :<\/strong> Sauge Menthe Basilic<\/p>\n<p><strong>Notes de fond :<\/strong> Musc Accord bois\u00e9<\/p>\n","protected":false},"featured_media":973,"comment_status":"open","ping_status":"closed","template":"","meta":{"_uag_custom_page_level_css":""},"product_cat":[29],"product_tag":[41,30,32,105],"yoast_head":"<!-- This site is optimized with the Yoast SEO plugin v23.9 - https:\/\/yoast.com\/wordpress\/plugins\/seo\/ -->\n<title>Dame Blanche &#8902; Be your Light<\/title>\n<meta name=\"description\" content=\"Venez d\u00e9couvrir la bougie Dame blanche et ses notes aromatiques de sauge, basilic et menthe inspir\u00e9e du roman fantastique Serpent &amp; Dove !\" \/>\n<meta name=\"robots\" content=\"index, follow, max-snippet:-1, max-image-preview:large, max-video-preview:-1\" \/>\n<link rel=\"canonical\" href=\"https:\/\/beyourlight.fr\/index.php\/produit\/dame-blanche\/\" \/>\n<meta property=\"og:locale\" content=\"fr_FR\" \/>\n<meta property=\"og:type\" content=\"article\" \/>\n<meta property=\"og:title\" content=\"Dame Blanche &#8902; Be your Light\" \/>\n<meta property=\"og:description\" content=\"Venez d\u00e9couvrir la bougie Dame blanche et ses notes aromatiques de sauge, basilic et menthe inspir\u00e9e du roman fantastique Serpent &amp; Dove !\" \/>\n<meta property=\"og:url\" content=\"https:\/\/beyourlight.fr\/index.php\/produit\/dame-blanche\/\" \/>\n<meta property=\"og:site_name\" content=\"Be your Light\" \/>\n<meta property=\"article:publisher\" content=\"https:\/\/www.facebook.com\/beyourlight.shop\" \/>\n<meta property=\"article:modified_time\" content=\"2026-03-31T16:08:52+00:00\" \/>\n<meta property=\"og:image\" content=\"https:\/\/beyourlight.fr\/wp-content\/uploads\/2022\/11\/Dame-blanche.png\" \/>\n\t<meta property=\"og:image:width\" content=\"500\" \/>\n\t<meta property=\"og:image:height\" content=\"500\" \/>\n\t<meta property=\"og:image:type\" content=\"image\/png\" \/>\n<meta name=\"twitter:card\" content=\"summary_large_image\" \/>\n<meta name=\"twitter:label1\" content=\"Dur\u00e9e de lecture estim\u00e9e\" \/>\n\t<meta name=\"twitter:data1\" content=\"1 minute\" \/>\n<script type=\"application\/ld+json\" class=\"yoast-schema-graph\">{\"@context\":\"https:\/\/schema.org\",\"@graph\":[{\"@type\":\"WebPage\",\"@id\":\"https:\/\/beyourlight.fr\/index.php\/produit\/dame-blanche\/\",\"url\":\"https:\/\/beyourlight.fr\/index.php\/produit\/dame-blanche\/\",\"name\":\"Dame Blanche &#8902; Be your Light\",\"isPartOf\":{\"@id\":\"https:\/\/beyourlight.fr\/#website\"},\"primaryImageOfPage\":{\"@id\":\"https:\/\/beyourlight.fr\/index.php\/produit\/dame-blanche\/#primaryimage\"},\"image\":{\"@id\":\"https:\/\/beyourlight.fr\/index.php\/produit\/dame-blanche\/#primaryimage\"},\"thumbnailUrl\":\"https:\/\/beyourlight.fr\/wp-content\/uploads\/2022\/11\/Dame-blanche.png\",\"datePublished\":\"2022-11-23T13:46:22+00:00\",\"dateModified\":\"2026-03-31T16:08:52+00:00\",\"description\":\"Venez d\u00e9couvrir la bougie Dame blanche et ses notes aromatiques de sauge, basilic et menthe inspir\u00e9e du roman fantastique Serpent & Dove !\",\"breadcrumb\":{\"@id\":\"https:\/\/beyourlight.fr\/index.php\/produit\/dame-blanche\/#breadcrumb\"},\"inLanguage\":\"fr-FR\",\"potentialAction\":[{\"@type\":\"ReadAction\",\"target\":[\"https:\/\/beyourlight.fr\/index.php\/produit\/dame-blanche\/\"]}]},{\"@type\":\"ImageObject\",\"inLanguage\":\"fr-FR\",\"@id\":\"https:\/\/beyourlight.fr\/index.php\/produit\/dame-blanche\/#primaryimage\",\"url\":\"https:\/\/beyourlight.fr\/wp-content\/uploads\/2022\/11\/Dame-blanche.png\",\"contentUrl\":\"https:\/\/beyourlight.fr\/wp-content\/uploads\/2022\/11\/Dame-blanche.png\",\"width\":500,\"height\":500},{\"@type\":\"BreadcrumbList\",\"@id\":\"https:\/\/beyourlight.fr\/index.php\/produit\/dame-blanche\/#breadcrumb\",\"itemListElement\":[{\"@type\":\"ListItem\",\"position\":1,\"name\":\"Accueil\",\"item\":\"https:\/\/beyourlight.fr\/\"},{\"@type\":\"ListItem\",\"position\":2,\"name\":\"Shop\",\"item\":\"https:\/\/beyourlight.fr\/index.php\/shop\/\"},{\"@type\":\"ListItem\",\"position\":3,\"name\":\"Dame Blanche\"}]},{\"@type\":\"WebSite\",\"@id\":\"https:\/\/beyourlight.fr\/#website\",\"url\":\"https:\/\/beyourlight.fr\/\",\"name\":\"Be your Light\",\"description\":\"\",\"publisher\":{\"@id\":\"https:\/\/beyourlight.fr\/#organization\"},\"potentialAction\":[{\"@type\":\"SearchAction\",\"target\":{\"@type\":\"EntryPoint\",\"urlTemplate\":\"https:\/\/beyourlight.fr\/?s={search_term_string}\"},\"query-input\":{\"@type\":\"PropertyValueSpecification\",\"valueRequired\":true,\"valueName\":\"search_term_string\"}}],\"inLanguage\":\"fr-FR\"},{\"@type\":\"Organization\",\"@id\":\"https:\/\/beyourlight.fr\/#organization\",\"name\":\"Be your light\",\"url\":\"https:\/\/beyourlight.fr\/\",\"logo\":{\"@type\":\"ImageObject\",\"inLanguage\":\"fr-FR\",\"@id\":\"https:\/\/beyourlight.fr\/#\/schema\/logo\/image\/\",\"url\":\"https:\/\/beyourlight.fr\/wp-content\/uploads\/2021\/11\/Capture.jpg\",\"contentUrl\":\"https:\/\/beyourlight.fr\/wp-content\/uploads\/2021\/11\/Capture.jpg\",\"width\":449,\"height\":447,\"caption\":\"Be your light\"},\"image\":{\"@id\":\"https:\/\/beyourlight.fr\/#\/schema\/logo\/image\/\"},\"sameAs\":[\"https:\/\/www.facebook.com\/beyourlight.shop\",\"https:\/\/www.instagram.com\/beyourlight_shop\/\"]}]}<\/script>\n<!-- \/ Yoast SEO plugin. -->","yoast_head_json":{"title":"Dame Blanche &#8902; Be your Light","description":"Venez d\u00e9couvrir la bougie Dame blanche et ses notes aromatiques de sauge, basilic et menthe inspir\u00e9e du roman fantastique Serpent & Dove !","robots":{"index":"index","follow":"follow","max-snippet":"max-snippet:-1","max-image-preview":"max-image-preview:large","max-video-preview":"max-video-preview:-1"},"canonical":"https:\/\/beyourlight.fr\/index.php\/produit\/dame-blanche\/","og_locale":"fr_FR","og_type":"article","og_title":"Dame Blanche &#8902; Be your Light","og_description":"Venez d\u00e9couvrir la bougie Dame blanche et ses notes aromatiques de sauge, basilic et menthe inspir\u00e9e du roman fantastique Serpent & Dove !","og_url":"https:\/\/beyourlight.fr\/index.php\/produit\/dame-blanche\/","og_site_name":"Be your Light","article_publisher":"https:\/\/www.facebook.com\/beyourlight.shop","article_modified_time":"2026-03-31T16:08:52+00:00","og_image":[{"width":500,"height":500,"url":"https:\/\/beyourlight.fr\/wp-content\/uploads\/2022\/11\/Dame-blanche.png","type":"image\/png"}],"twitter_card":"summary_large_image","twitter_misc":{"Dur\u00e9e de lecture estim\u00e9e":"1 minute"},"schema":{"@context":"https:\/\/schema.org","@graph":[{"@type":"WebPage","@id":"https:\/\/beyourlight.fr\/index.php\/produit\/dame-blanche\/","url":"https:\/\/beyourlight.fr\/index.php\/produit\/dame-blanche\/","name":"Dame Blanche &#8902; Be your Light","isPartOf":{"@id":"https:\/\/beyourlight.fr\/#website"},"primaryImageOfPage":{"@id":"https:\/\/beyourlight.fr\/index.php\/produit\/dame-blanche\/#primaryimage"},"image":{"@id":"https:\/\/beyourlight.fr\/index.php\/produit\/dame-blanche\/#primaryimage"},"thumbnailUrl":"https:\/\/beyourlight.fr\/wp-content\/uploads\/2022\/11\/Dame-blanche.png","datePublished":"2022-11-23T13:46:22+00:00","dateModified":"2026-03-31T16:08:52+00:00","description":"Venez d\u00e9couvrir la bougie Dame blanche et ses notes aromatiques de sauge, basilic et menthe inspir\u00e9e du roman fantastique Serpent & Dove !","breadcrumb":{"@id":"https:\/\/beyourlight.fr\/index.php\/produit\/dame-blanche\/#breadcrumb"},"inLanguage":"fr-FR","potentialAction":[{"@type":"ReadAction","target":["https:\/\/beyourlight.fr\/index.php\/produit\/dame-blanche\/"]}]},{"@type":"ImageObject","inLanguage":"fr-FR","@id":"https:\/\/beyourlight.fr\/index.php\/produit\/dame-blanche\/#primaryimage","url":"https:\/\/beyourlight.fr\/wp-content\/uploads\/2022\/11\/Dame-blanche.png","contentUrl":"https:\/\/beyourlight.fr\/wp-content\/uploads\/2022\/11\/Dame-blanche.png","width":500,"height":500},{"@type":"BreadcrumbList","@id":"https:\/\/beyourlight.fr\/index.php\/produit\/dame-blanche\/#breadcrumb","itemListElement":[{"@type":"ListItem","position":1,"name":"Accueil","item":"https:\/\/beyourlight.fr\/"},{"@type":"ListItem","position":2,"name":"Shop","item":"https:\/\/beyourlight.fr\/index.php\/shop\/"},{"@type":"ListItem","position":3,"name":"Dame Blanche"}]},{"@type":"WebSite","@id":"https:\/\/beyourlight.fr\/#website","url":"https:\/\/beyourlight.fr\/","name":"Be your Light","description":"","publisher":{"@id":"https:\/\/beyourlight.fr\/#organization"},"potentialAction":[{"@type":"SearchAction","target":{"@type":"EntryPoint","urlTemplate":"https:\/\/beyourlight.fr\/?s={search_term_string}"},"query-input":{"@type":"PropertyValueSpecification","valueRequired":true,"valueName":"search_term_string"}}],"inLanguage":"fr-FR"},{"@type":"Organization","@id":"https:\/\/beyourlight.fr\/#organization","name":"Be your light","url":"https:\/\/beyourlight.fr\/","logo":{"@type":"ImageObject","inLanguage":"fr-FR","@id":"https:\/\/beyourlight.fr\/#\/schema\/logo\/image\/","url":"https:\/\/beyourlight.fr\/wp-content\/uploads\/2021\/11\/Capture.jpg","contentUrl":"https:\/\/beyourlight.fr\/wp-content\/uploads\/2021\/11\/Capture.jpg","width":449,"height":447,"caption":"Be your light"},"image":{"@id":"https:\/\/beyourlight.fr\/#\/schema\/logo\/image\/"},"sameAs":["https:\/\/www.facebook.com\/beyourlight.shop","https:\/\/www.instagram.com\/beyourlight_shop\/"]}]}},"uagb_featured_image_src":{"full":["https:\/\/beyourlight.fr\/wp-content\/uploads\/2022\/11\/Dame-blanche.png",500,500,false],"thumbnail":["https:\/\/beyourlight.fr\/wp-content\/uploads\/2022\/11\/Dame-blanche-150x150.png",150,150,true],"medium":["https:\/\/beyourlight.fr\/wp-content\/uploads\/2022\/11\/Dame-blanche-300x300.png",300,300,true],"medium_large":["https:\/\/beyourlight.fr\/wp-content\/uploads\/2022\/11\/Dame-blanche.png",500,500,false],"large":["https:\/\/beyourlight.fr\/wp-content\/uploads\/2022\/11\/Dame-blanche.png",500,500,false],"1536x1536":["https:\/\/beyourlight.fr\/wp-content\/uploads\/2022\/11\/Dame-blanche.png",500,500,false],"2048x2048":["https:\/\/beyourlight.fr\/wp-content\/uploads\/2022\/11\/Dame-blanche.png",500,500,false],"ashe-slider-full-thumbnail":["https:\/\/beyourlight.fr\/wp-content\/uploads\/2022\/11\/Dame-blanche.png",500,500,false],"ashe-full-thumbnail":["https:\/\/beyourlight.fr\/wp-content\/uploads\/2022\/11\/Dame-blanche.png",500,500,false],"ashe-list-thumbnail":["https:\/\/beyourlight.fr\/wp-content\/uploads\/2022\/11\/Dame-blanche-300x300.png",300,300,true],"ashe-grid-thumbnail":["https:\/\/beyourlight.fr\/wp-content\/uploads\/2022\/11\/Dame-blanche-500x330.png",500,330,true],"ashe-single-navigation":["https:\/\/beyourlight.fr\/wp-content\/uploads\/2022\/11\/Dame-blanche-75x75.png",75,75,true],"menu-24x24":["https:\/\/beyourlight.fr\/wp-content\/uploads\/2022\/11\/Dame-blanche-24x24.png",24,24,true],"menu-36x36":["https:\/\/beyourlight.fr\/wp-content\/uploads\/2022\/11\/Dame-blanche-36x36.png",36,36,true],"menu-48x48":["https:\/\/beyourlight.fr\/wp-content\/uploads\/2022\/11\/Dame-blanche-48x48.png",48,48,true],"woocommerce_thumbnail":["https:\/\/beyourlight.fr\/wp-content\/uploads\/2022\/11\/Dame-blanche-300x300.png",300,300,true],"woocommerce_single":["https:\/\/beyourlight.fr\/wp-content\/uploads\/2022\/11\/Dame-blanche-300x300.png",300,300,true],"woocommerce_gallery_thumbnail":["https:\/\/beyourlight.fr\/wp-content\/uploads\/2022\/11\/Dame-blanche-100x100.png",100,100,true]},"uagb_author_info":{"display_name":"admin4841","author_link":"https:\/\/beyourlight.fr\/index.php\/author\/"},"uagb_comment_info":1,"uagb_excerpt":"Inspir\u00e9e de l'univers fantastique du roman Serpent &amp; Dove, d\u00e9couvrez la bougie Dame Blanche au parfum herbac\u00e9 de sauge, basilic et menthe. &nbsp; Notes olfactives : Aromatique Notes de t\u00eate : Bergamote G\u00e9ranium Notes de coeur : Sauge Menthe Basilic Notes de fond : Musc Accord bois\u00e9","_links":{"self":[{"href":"https:\/\/beyourlight.fr\/index.php\/wp-json\/wp\/v2\/product\/967"}],"collection":[{"href":"https:\/\/beyourlight.fr\/index.php\/wp-json\/wp\/v2\/product"}],"about":[{"href":"https:\/\/beyourlight.fr\/index.php\/wp-json\/wp\/v2\/types\/product"}],"replies":[{"embeddable":true,"href":"https:\/\/beyourlight.fr\/index.php\/wp-json\/wp\/v2\/comments?post=967"}],"wp:featuredmedia":[{"embeddable":true,"href":"https:\/\/beyourlight.fr\/index.php\/wp-json\/wp\/v2\/media\/973"}],"wp:attachment":[{"href":"https:\/\/beyourlight.fr\/index.php\/wp-json\/wp\/v2\/media?parent=967"}],"wp:term":[{"taxonomy":"product_cat","embeddable":true,"href":"https:\/\/beyourlight.fr\/index.php\/wp-json\/wp\/v2\/product_cat?post=967"},{"taxonomy":"product_tag","embeddable":true,"href":"https:\/\/beyourlight.fr\/index.php\/wp-json\/wp\/v2\/product_tag?post=967"}],"curies":[{"name":"wp","href":"https:\/\/api.w.org\/{rel}","templated":true}]}}